{"id":73,"date":"2020-11-21T11:44:15","date_gmt":"2020-11-21T10:44:15","guid":{"rendered":"http:\/\/kgw-web.de\/www\/?page_id=73"},"modified":"2021-11-24T17:09:35","modified_gmt":"2021-11-24T16:09:35","slug":"allgemeinbildender-zweig","status":"publish","type":"page","link":"http:\/\/kgw-web.de\/www\/allgemeinbildender-zweig\/","title":{"rendered":"Allgemeinbildender Zweig"},"content":{"rendered":"\n<p>Die\u00a0<strong>allgemeinbildende Klasse<\/strong>\u00a0sieht neben einer\u00a0<em>soliden gymnasialen Bildung<\/em>\u00a0weitere M\u00f6glichkeiten f\u00fcr\u00a0<em>freiere<\/em>\u00a0<em>Arbeitsformen<\/em>,\u00a0<em>Vertiefungsstunden<\/em>\u00a0in den Hauptf\u00e4chern und\u00a0<em>F\u00f6rderm\u00f6glichkeiten<\/em>\u00a0vor. Die Konzeption ber\u00fccksichtigt, dass einzelne Sch\u00fcler in verschiedenen F\u00e4chern sowohl Defizite haben k\u00f6nnen und gleichzeitig in einem anderen Fach zur Leistungsspitze geh\u00f6ren. Ziel ist der sichere Weg durch den verk\u00fcrzten Bildungsgang am Gymnasium. Ein besonderer Schwerpunkt liegt mit dem Fach Geschichte auf dem gesellschaftswissenschaftlichen Bereich.<\/p>\n","protected":false},"excerpt":{"rendered":"<p>Die\u00a0allgemeinbildende Klasse\u00a0sieht neben einer\u00a0soliden gymnasialen Bildung\u00a0weitere M\u00f6glichkeiten f\u00fcr\u00a0freiere\u00a0Arbeitsformen,\u00a0Vertiefungsstunden\u00a0in den Hauptf\u00e4chern und\u00a0F\u00f6rderm\u00f6glichkeiten\u00a0vor. Die Konzeption ber\u00fccksichtigt, dass einzelne Sch\u00fcler in verschiedenen F\u00e4chern sowohl Defizite haben k\u00f6nnen und gleichzeitig in einem anderen Fach zur Leistungsspitze geh\u00f6ren. Ziel ist der sichere Weg durch den verk\u00fcrzten Bildungsgang am Gymnasium. Ein besonderer Schwerpunkt liegt mit dem Fach Geschichte auf dem gesellschaftswissenschaftlichen [&hellip;]<\/p>\n","protected":false},"author":1,"featured_media":0,"parent":0,"menu_order":0,"comment_status":"closed","ping_status":"closed","template":"","meta":{"footnotes":""},"_links":{"self":[{"href":"http:\/\/kgw-web.de\/www\/wp-json\/wp\/v2\/pages\/73"}],"collection":[{"href":"http:\/\/kgw-web.de\/www\/wp-json\/wp\/v2\/pages"}],"about":[{"href":"http:\/\/kgw-web.de\/www\/wp-json\/wp\/v2\/types\/page"}],"author":[{"embeddable":true,"href":"http:\/\/kgw-web.de\/www\/wp-json\/wp\/v2\/users\/1"}],"replies":[{"embeddable":true,"href":"http:\/\/kgw-web.de\/www\/wp-json\/wp\/v2\/comments?post=73"}],"version-history":[{"count":2,"href":"http:\/\/kgw-web.de\/www\/wp-json\/wp\/v2\/pages\/73\/revisions"}],"predecessor-version":[{"id":423,"href":"http:\/\/kgw-web.de\/www\/wp-json\/wp\/v2\/pages\/73\/revisions\/423"}],"wp:attachment":[{"href":"http:\/\/kgw-web.de\/www\/wp-json\/wp\/v2\/media?parent=73"}],"curies":[{"name":"wp","href":"https:\/\/api.w.org\/{rel}","templated":true}]}}