{"id":16,"date":"2019-12-07T16:36:42","date_gmt":"2019-12-07T15:36:42","guid":{"rendered":"http:\/\/kgw-web.de\/www\/?page_id=16"},"modified":"2020-12-05T18:10:50","modified_gmt":"2020-12-05T17:10:50","slug":"kontakt","status":"publish","type":"page","link":"http:\/\/kgw-web.de\/www\/kontakt\/","title":{"rendered":"Kontakt"},"content":{"rendered":"\n<p>Sie k\u00f6nnen in dringenden F\u00e4llen mit uns in Kontakt treten. Aufgrund der aktuell hohen Auslastung des Sekretariats wegen der Corona Pandemie bitten wir, zur Zeit von jeder nicht unbedingt notwendigen Kontaktaufnahme abzusehen. Bitte informieren Sie sich \u00fcber unsere <a rel=\"noreferrer noopener\" href=\"http:\/\/www.kgw-web.de\/index.php\" target=\"_blank\">offizielle Schulhomepage<\/a> ausf\u00fchrlich \u00fcber das Angebot und die Aktivit\u00e4ten unserer Schule. Vielen Dank f\u00fcr Ihr Verst\u00e4ndnis!<\/p>\n\n\n\n<div class=\"wp-block-contact-form-7-contact-form-selector\">\n<div class=\"wpcf7 no-js\" id=\"wpcf7-f50-o1\" lang=\"de-DE\" dir=\"ltr\">\n<div class=\"screen-reader-response\"><p role=\"status\" aria-live=\"polite\" aria-atomic=\"true\"><\/p> <ul><\/ul><\/div>\n<form action=\"\/www\/wp-json\/wp\/v2\/pages\/16#wpcf7-f50-o1\" method=\"post\" class=\"wpcf7-form init\" aria-label=\"Kontaktformular\" novalidate=\"novalidate\" data-status=\"init\">\n<div style=\"display: none;\">\n<input type=\"hidden\" name=\"_wpcf7\" value=\"50\" \/>\n<input type=\"hidden\" name=\"_wpcf7_version\" value=\"5.9.8\" \/>\n<input type=\"hidden\" name=\"_wpcf7_locale\" value=\"de_DE\" \/>\n<input type=\"hidden\" name=\"_wpcf7_unit_tag\" value=\"wpcf7-f50-o1\" \/>\n<input type=\"hidden\" name=\"_wpcf7_container_post\" value=\"0\" \/>\n<input type=\"hidden\" name=\"_wpcf7_posted_data_hash\" value=\"\" \/>\n<\/div>\n<p><label> Ihr Name (Pflichtfeld)<br \/>\n<span class=\"wpcf7-form-control-wrap\" data-name=\"your-name\"><input size=\"40\" maxlength=\"400\" class=\"wpcf7-form-control wpcf7-text wpcf7-validates-as-required\" aria-required=\"true\" aria-invalid=\"false\" value=\"\" type=\"text\" name=\"your-name\" \/><\/span> <\/label>\n<\/p>\n<p><label> Ihre E-Mail-Adresse (Pflichtfeld)<br \/>\n<span class=\"wpcf7-form-control-wrap\" data-name=\"your-email\"><input size=\"40\" maxlength=\"400\" class=\"wpcf7-form-control wpcf7-email wpcf7-validates-as-required wpcf7-text wpcf7-validates-as-email\" aria-required=\"true\" aria-invalid=\"false\" value=\"\" type=\"email\" name=\"your-email\" \/><\/span> <\/label>\n<\/p>\n<p><label> Betreff<br \/>\n<span class=\"wpcf7-form-control-wrap\" data-name=\"your-subject\"><input size=\"40\" maxlength=\"400\" class=\"wpcf7-form-control wpcf7-text\" aria-invalid=\"false\" value=\"\" type=\"text\" name=\"your-subject\" \/><\/span> <\/label>\n<\/p>\n<p><label> Ihre Nachricht<br \/>\n<span class=\"wpcf7-form-control-wrap\" data-name=\"your-message\"><textarea cols=\"40\" rows=\"10\" maxlength=\"2000\" class=\"wpcf7-form-control wpcf7-textarea\" aria-invalid=\"false\" name=\"your-message\"><\/textarea><\/span> <\/label>\n<\/p>\n<p><input class=\"wpcf7-form-control wpcf7-submit has-spinner\" type=\"submit\" value=\"Senden\" \/>\n<\/p><div class=\"wpcf7-response-output\" aria-hidden=\"true\"><\/div>\n<\/form>\n<\/div>\n<\/div>\n","protected":false},"excerpt":{"rendered":"<p>Sie k\u00f6nnen in dringenden F\u00e4llen mit uns in Kontakt treten. Aufgrund der aktuell hohen Auslastung des Sekretariats wegen der Corona Pandemie bitten wir, zur Zeit von jeder nicht unbedingt notwendigen Kontaktaufnahme abzusehen. Bitte informieren Sie sich \u00fcber unsere offizielle Schulhomepage ausf\u00fchrlich \u00fcber das Angebot und die Aktivit\u00e4ten unserer Schule. Vielen Dank f\u00fcr Ihr Verst\u00e4ndnis!<\/p>\n","protected":false},"author":1,"featured_media":0,"parent":0,"menu_order":0,"comment_status":"closed","ping_status":"closed","template":"","meta":{"footnotes":""},"_links":{"self":[{"href":"http:\/\/kgw-web.de\/www\/wp-json\/wp\/v2\/pages\/16"}],"collection":[{"href":"http:\/\/kgw-web.de\/www\/wp-json\/wp\/v2\/pages"}],"about":[{"href":"http:\/\/kgw-web.de\/www\/wp-json\/wp\/v2\/types\/page"}],"author":[{"embeddable":true,"href":"http:\/\/kgw-web.de\/www\/wp-json\/wp\/v2\/users\/1"}],"replies":[{"embeddable":true,"href":"http:\/\/kgw-web.de\/www\/wp-json\/wp\/v2\/comments?post=16"}],"version-history":[{"count":5,"href":"http:\/\/kgw-web.de\/www\/wp-json\/wp\/v2\/pages\/16\/revisions"}],"predecessor-version":[{"id":364,"href":"http:\/\/kgw-web.de\/www\/wp-json\/wp\/v2\/pages\/16\/revisions\/364"}],"wp:attachment":[{"href":"http:\/\/kgw-web.de\/www\/wp-json\/wp\/v2\/media?parent=16"}],"curies":[{"name":"wp","href":"https:\/\/api.w.org\/{rel}","templated":true}]}}